{"id":3,"date":"2020-06-15T17:52:21","date_gmt":"2020-06-15T17:52:21","guid":{"rendered":"http:\/\/www.ukonitaly.com\/?page_id=3"},"modified":"2021-02-12T15:45:14","modified_gmt":"2021-02-12T15:45:14","slug":"privacy-policy","status":"publish","type":"page","link":"http:\/\/www.ukonitaly.com\/en\/privacy-policy\/","title":{"rendered":"Privacy Policy"},"content":{"rendered":"<p><strong>INFORMATIVA SUL TRATTAMENTO DEI DATI PERSONALI.<\/strong><\/p>\n\n\n\n<p>Ukon Italy, con sede a Gaiarine in via Terraglio n. 104, in qualit\u00e0 di titolare del trattamento dei dati personali, rilascia la presente informativa all\u2019Interessato nel rispetto della disciplina europea e italiana in materia di protezione dei dati personali.<\/p>\n\n\n\n<p>La presente informativa integra la policy di navigazione del sito web, allo scopo di illustrare all\u2019Utente come il Titolare tratter\u00e0 nello specifico i dati inseriti nel presente form di contatto: si invita pertanto a prendere visione anche della nostra privacy policy generale.<\/p>\n\n\n\n<p><strong><u>Finalit\u00e0 e base giuridica del trattamento<\/u><\/strong><\/p>\n\n\n\n<p>Se si iscriver\u00e0 al presente servizio, Ukon Italy tratter\u00e0 i dati personali raccolti per inviare via e-mail la newsletter contenente informazioni sui propri prodotti o servizi, nonch\u00e9 promozioni o inviti ad eventi ai quali parteciper\u00e0. La base giuridica consiste nella necessit\u00e0 per il perseguimento della suddetta finalit\u00e0.<\/p>\n\n\n\n<p><strong><u>Periodo di conservazione dei dati<\/u><\/strong><\/p>\n\n\n\n<p>Il Titolare tratter\u00e0 i dati sino alla cessazione del servizio, all\u2019eventuale richiesta di disiscrizione od, in ogni caso, per 24 mesi dall&#8217;ultima comunicazione.<\/p>\n\n\n\n<p><strong><u>Natura del conferimento dei dati e conseguenze in caso di rifiuto<\/u><\/strong><\/p>\n\n\n\n<p>Il conferimento dei dati \u00e8 facoltativo, ma il rifiuto di comunicarli comporta l\u2019impossibilit\u00e0 di iscriversi al presente servizio.<\/p>\n\n\n\n<p><strong><u>Ambito di comunicazione dei dati e categorie di destinatari<\/u><\/strong><\/p>\n\n\n\n<p>Il Titolare non diffonder\u00e0 i dati, che saranno comunicati esclusivamente a figure interne autorizzate al trattamento in ragione delle rispettive mansioni, nonch\u00e9&nbsp;a professionisti,&nbsp;societ\u00e0 o altri terzi che svolgono attivit\u00e0 in outsourcing e che sono quindi nominati responsabili del trattamento con apposito contratto o altro atto giuridico.<\/p>\n\n\n\n<p><strong><u>Trasferimento dati verso un Paese terzo e\/o un\u2019organizzazione internazionale<\/u><\/strong><\/p>\n\n\n\n<p>I dati personali non saranno oggetto di trasferimento n\u00e9 verso Paesi terzi non europei n\u00e9 verso organizzazioni internazionali.<\/p>\n\n\n\n<p><strong><u>Diritti degli interessati<\/u><\/strong><\/p>\n\n\n\n<p>L\u2019Interessato ha il diritto di effettuare la disiscrizione dal presente servizio in qualsiasi momento e potr\u00e0 altres\u00ec chiedere al Titolare di accedere ai propri dati personali e di rettificarli se inesatti, di cancellarli o limitarne il trattamento se ne ricorrono i presupposti, nonch\u00e9 di ottenerne la portabilit\u00e0.<\/p>\n\n\n\n<p><p>Per esercitare i propri diritti, l\u2019Interessato pu\u00f2 scrivere al Titolare al seguente recapito: privacy@ukonitaly.com. L\u2019Interessato ha anche il diritto di proporre reclamo all\u2019autorit\u00e0 di controllo competente in materia, Garante per la protezione dei dati personali (<a href=\"http:\/\/www.garanteprivacy.it\/\">www.garanteprivacy.it<\/a>).<\/p> <br> <br><\/p>","protected":false},"excerpt":{"rendered":"<p>INFORMATIVA SUL TRATTAMENTO DEI DATI PERSONALI. Ukon Italy, con sede a Gaiarine in via Terraglio n. 104, in qualit\u00e0 di titolare del trattamento dei dati personali, rilascia la presente informativa all\u2019Interessato nel rispetto della disciplina europea e italiana in materia di protezione dei dati personali. La presente informativa integra la policy di navigazione del sito&#8230;<\/p>","protected":false},"author":3,"featured_media":0,"parent":0,"menu_order":0,"comment_status":"closed","ping_status":"open","template":"","meta":[],"yoast_head":"<!-- This site is optimized with the Yoast SEO plugin v15.2.1 - https:\/\/yoast.com\/wordpress\/plugins\/seo\/ -->\n<title>Privacy Policy - Ukon Italy<\/title>\n<meta name=\"robots\" content=\"index, follow, max-snippet:-1, max-image-preview:large, max-video-preview:-1\" \/>\n<link rel=\"canonical\" href=\"http:\/\/www.ukonitaly.com\/en\/privacy-policy\/\" \/>\n<meta property=\"og:locale\" content=\"en_US\" \/>\n<meta property=\"og:type\" content=\"article\" \/>\n<meta property=\"og:title\" content=\"Privacy Policy - Ukon Italy\" \/>\n<meta property=\"og:description\" content=\"INFORMATIVA SUL TRATTAMENTO DEI DATI PERSONALI. Ukon Italy, con sede a Gaiarine in via Terraglio n. 104, in qualit\u00e0 di titolare del trattamento dei dati personali, rilascia la presente informativa all\u2019Interessato nel rispetto della disciplina europea e italiana in materia di protezione dei dati personali. La presente informativa integra la policy di navigazione del sito...\" \/>\n<meta property=\"og:url\" content=\"http:\/\/www.ukonitaly.com\/en\/privacy-policy\/\" \/>\n<meta property=\"og:site_name\" content=\"Ukon Italy\" \/>\n<meta property=\"article:modified_time\" content=\"2021-02-12T15:45:14+00:00\" \/>\n<meta name=\"twitter:card\" content=\"summary_large_image\" \/>\n<meta name=\"twitter:label1\" content=\"Written by\">\n\t<meta name=\"twitter:data1\" content=\"mauro fantuz\">\n\t<meta name=\"twitter:label2\" content=\"Est. reading time\">\n\t<meta name=\"twitter:data2\" content=\"2 minutes\">\n<script type=\"application\/ld+json\" class=\"yoast-schema-graph\">{\"@context\":\"https:\/\/schema.org\",\"@graph\":[{\"@type\":\"WebSite\",\"@id\":\"https:\/\/www.ukonitaly.com\/#website\",\"url\":\"https:\/\/www.ukonitaly.com\/\",\"name\":\"Ukon Italy\",\"description\":\"Urban Concrete Design\",\"potentialAction\":[{\"@type\":\"SearchAction\",\"target\":\"https:\/\/www.ukonitaly.com\/?s={search_term_string}\",\"query-input\":\"required name=search_term_string\"}],\"inLanguage\":\"en-US\"},{\"@type\":\"WebPage\",\"@id\":\"https:\/\/www.ukonitaly.com\/privacy-policy\/#webpage\",\"url\":\"https:\/\/www.ukonitaly.com\/privacy-policy\/\",\"name\":\"Privacy Policy - Ukon Italy\",\"isPartOf\":{\"@id\":\"https:\/\/www.ukonitaly.com\/#website\"},\"datePublished\":\"2020-06-15T17:52:21+00:00\",\"dateModified\":\"2021-02-12T15:45:14+00:00\",\"inLanguage\":\"en-US\",\"potentialAction\":[{\"@type\":\"ReadAction\",\"target\":[\"https:\/\/www.ukonitaly.com\/privacy-policy\/\"]}]}]}<\/script>\n<!-- \/ Yoast SEO plugin. -->","_links":{"self":[{"href":"http:\/\/www.ukonitaly.com\/en\/wp-json\/wp\/v2\/pages\/3"}],"collection":[{"href":"http:\/\/www.ukonitaly.com\/en\/wp-json\/wp\/v2\/pages"}],"about":[{"href":"http:\/\/www.ukonitaly.com\/en\/wp-json\/wp\/v2\/types\/page"}],"author":[{"embeddable":true,"href":"http:\/\/www.ukonitaly.com\/en\/wp-json\/wp\/v2\/users\/3"}],"replies":[{"embeddable":true,"href":"http:\/\/www.ukonitaly.com\/en\/wp-json\/wp\/v2\/comments?post=3"}],"version-history":[{"count":3,"href":"http:\/\/www.ukonitaly.com\/en\/wp-json\/wp\/v2\/pages\/3\/revisions"}],"predecessor-version":[{"id":4467,"href":"http:\/\/www.ukonitaly.com\/en\/wp-json\/wp\/v2\/pages\/3\/revisions\/4467"}],"wp:attachment":[{"href":"http:\/\/www.ukonitaly.com\/en\/wp-json\/wp\/v2\/media?parent=3"}],"curies":[{"name":"wp","href":"https:\/\/api.w.org\/{rel}","templated":true}]}}